{"id":17812,"date":"2023-08-18T13:12:26","date_gmt":"2023-08-18T10:12:26","guid":{"rendered":"https:\/\/klaipedatravel.lt\/bendradarbystes-erdves\/"},"modified":"2024-07-12T12:40:27","modified_gmt":"2024-07-12T09:40:27","slug":"workation-platze","status":"publish","type":"page","link":"https:\/\/klaipedatravel.lt\/de\/workation-platze\/","title":{"rendered":"Workation Pl\u00e4tze"},"content":{"rendered":"<p>Diejenigen, die ihren gewohnten Arbeitsplatz verlassen und ihre Arbeit an einem anderen Ort fortsetzen m\u00f6chten, ohne Urlaub zu machen, laden wir ein, nach Klaip\u0117da zu kommen und die Co-Working Pl\u00e4tze zu nutzen.<br \/>\nAlles, was man zum Arbeiten braucht, sind ein Computer, ein Telefon, gutes Internet, Kaffee und Inspiration \ud83d\ude42 In Klaip\u0117da k\u00f6nnen wir all das kombinieren und arbeiten, w\u00e4hrend wir dem Rauschen der Meereswellen, den V\u00f6geln oder den Ger\u00e4uschen der Kaffeemaschine lauschen.<\/p>\n<p>Die Stadt bietet auch viele arbeitsfreundliche R\u00e4ume. Klaip\u0117das Caf\u00e9s, Pl\u00e4tze, Parks, H\u00f6fe, Bibliotheken und sogar einige Str\u00e4nde k\u00f6nnen gro\u00dfartige Orte f\u00fcr die Arbeit sein.<\/p>\n<table>\n<tbody>\n<tr>\n<td width=\"200\"><strong>\u201eLIGHTHOUSE\u201c<\/strong>\u00a0(<a href=\"https:\/\/lighthouse.lt\/\" target=\"_blank\" rel=\"noopener\">svetain\u0117<\/a>)<br \/>\nLiep\u0173 Str. 83<br \/>\nTel.: +370 617 51515<br \/>\nEl.p.:\u00a0<a href=\"mailto:hi@lighthouse.lt\">hi@lighthouse.lt<\/a><\/td>\n<td width=\"200\"><strong>\u201eSPIE\u010cIUS\u201c<\/strong>\u00a0(<a href=\"https:\/\/www.verslilietuva.lt\/paslaugos\/spiecius\/spiecius-klaipedoje\/\" target=\"_blank\" rel=\"noopener\">svetain\u0117<\/a>)<br \/>\nLiep\u0173 Str. 83, II a.<br \/>\nTel.: +370 673 73178<br \/>\nEl.p.:\u00a0<a href=\"mailto:i.kazlauskiene@verslilietuva.lt\">i.kazlauskiene@verslilietuva.lt<\/a><\/td>\n<td width=\"200\"><strong>KULT\u016aROS FABRIKAS<\/strong>\u00a0(<a href=\"https:\/\/www.kulturosfabrikas.lt\/lt\/#erdves-darbui\" target=\"_blank\" rel=\"noopener\">svetain\u0117<\/a>)<br \/>\nBang\u0173 Str. 5A<br \/>\nTel.: +370 46 311 010, +370 5 155 5452<br \/>\nEl.p.:\u00a0<a href=\"mailto:info@kulturosfabrikas.lt\">info@kulturosfabrikas.lt<\/a><\/td>\n<\/tr>\n<tr>\n<td width=\"200\"><strong>KLAIP\u0116DOS MOKSLO IR TECHNOLOGIJ\u0172 PARKAS<\/strong>\u00a0(<a href=\"http:\/\/www.kmtp.lt\/lt\/naujienos\/klaipeda-populiarejanti-darbostogu-kryptis-15962.html\" target=\"_blank\" rel=\"noopener\">svetain\u0117<\/a>)<br \/>\nVilhelmo Berbomo Str. 10<br \/>\nTel.: +370 46 310 461, +370 673 85113<br \/>\nEl.p.:\u00a0<a href=\"mailto:info@kmtp.lt\">info@kmtp.lt<\/a><\/td>\n<td width=\"200\"><strong>TEMA<\/strong>\u00a0(<a href=\"https:\/\/www.workationklaipeda.lt\/tema-galerija\/\" target=\"_blank\" rel=\"noopener\">svetain\u0117<\/a>)<br \/>\nNaujoji Uosto g. 3<br \/>\nTel.:\u00a0 +370 618 1674, +370 616 80035<br \/>\nEl. pa\u0161tas: tema.klaipeda@gmail.com<\/td>\n<td width=\"200\"><strong>FABRIQUE.LT\u00a0<\/strong>(<a href=\"https:\/\/www.facebook.com\/fabriquelt\/\" target=\"_blank\" rel=\"noopener\">svetain\u0117<\/a>)<br \/>\nLiep\u0173 g. 48<br \/>\nTel.: +370\u00a0608 00040<br \/>\nEl. pa\u0161tas:\u00a0<a href=\"mailto:hello@fabrique.lt\">hello@fabrique.lt<\/a><\/td>\n<\/tr>\n<\/tbody>\n<\/table>\n<p>&nbsp;<\/p>\n<p>Wir bieten auch Freifl\u00e4chen an, die sich zum Arbeiten eignen und auf ihre eigene Weise reizvoll sind:<\/p>\n<p><a href=\"http:\/\/www.klavb.lt\/\" target=\"_blank\" rel=\"noopener\"><u>IEVA SIMONAITYT\u0116 BIBLIOTHEK<\/u><\/a><br \/>\nNur das Ger\u00e4usch von raschelnden Seiten &#8211; der perfekte Ort f\u00fcr konzentriertes Arbeiten im Herzen der Stadt.<\/p>\n<p><strong><b>IEVA SIMONAITYT\u0116 BIBLIOTHEKSINNENHOF<\/b><\/strong><br \/>\nEin Sitzplatz unter einer alten Eiche, ein erfrischendes Getr\u00e4nk in der Hand und man kann kaum glauben, dass man sich direkt an der Hauptstra\u00dfe der Stadt befindet.<\/p>\n<p><strong><b>GARDI COFFEE<\/b><\/strong><br \/>\n<a href=\"https:\/\/www.musangas.lt\/\" target=\"_blank\" rel=\"noopener\"><u>Musang<\/u><\/a>, <a href=\"http:\/\/www.kavosarchitektai.lt\/\" target=\"_blank\" rel=\"noopener\"><u>Kaffee Architekten<\/u><\/a>, <a href=\"https:\/\/www.facebook.com\/10tiltukavine\/\" target=\"_blank\" rel=\"noopener\"><u>10 Br\u00fccken<\/u><\/a>, <a href=\"http:\/\/www.coffeeking.lt\/\" target=\"_blank\" rel=\"noopener\"><u>Kaffee-K\u00f6nig<\/u><\/a>\u00a0und viele andere Kaffeeh\u00e4user. Wenn Sie sich von gro\u00dfartigen Kaffeearomen und einer tadellosen Umgebung inspirieren lassen, sind diese &#8222;Arbeitsaufenthalte&#8220; genau das Richtige f\u00fcr Sie.<\/p>\n<p><strong><b>MIT DEM MEERESHORIZONT<\/b><\/strong><br \/>\n<a href=\"https:\/\/www.facebook.com\/baltas.ruonis.restoranas\/\" target=\"_blank\" rel=\"noopener\"><u>Wei\u00dfe Robbe<\/u><\/a>\u00a0und <a href=\"https:\/\/www.facebook.com\/AteikAteik777\/\" target=\"_blank\" rel=\"noopener\"><u>Komm Komm Komm<\/u><\/a>. Hier vermischen sich die Aromen des Kaffees mit der Frische des Meeres. Die Caf\u00e9s sind sehr beliebt und nicht die perfekte L\u00f6sung f\u00fcr lange Arbeitszeiten, aber eine wunderbare Wahl, wenn Sie Inspiration f\u00fcr ein paar kurze Arbeiten brauchen<\/p>\n<p><strong><b>Andererseits&#8230;<\/b><\/strong><br \/>\nArbeit ist schlie\u00dflich alles M\u00f6gliche und erfordert nicht immer einen Schreibtisch, einen Stuhl und das Internet. Manchmal kommen die besten Ideen und L\u00f6sungen, wenn man am Meer unterwegs ist, auf einer F\u00e4hre, auf den Radwegen von Smiltyne oder wenn man zum ersten Mal auf ein Surfbrett steigt. Schlie\u00dflich ist dies die <em><i>Workation Klaip\u0117da<\/i><\/em>!<\/p>\n<p>&nbsp;<\/p>\n<p style=\"text-align: right;\"><em><i>Gemeinsame Nutzung von Informationen<\/i><\/em><br \/>\n<a href=\"http:\/\/www.workationklaipeda.lt\/\" target=\"_blank\" rel=\"noopener\"><u>www.workationklaipeda.lt<\/u><\/a><\/p>\n<p>&nbsp;<\/p>\n","protected":false},"excerpt":{"rendered":"<p>Diejenigen, die ihren gewohnten Arbeitsplatz verlassen und ihre Arbeit an einem anderen Ort fortsetzen m\u00f6chten, ohne Urlaub zu machen, laden wir ein, nach Klaip\u0117da zu kommen und die Co-Working Pl\u00e4tze zu nutzen. Alles, was man zum Arbeiten braucht, sind ein Computer, ein Telefon, gutes Internet, Kaffee und Inspiration \ud83d\ude42 In Klaip\u0117da k\u00f6nnen wir all das [&hellip;]<\/p>\n","protected":false},"author":1,"featured_media":0,"parent":0,"menu_order":0,"comment_status":"closed","ping_status":"closed","template":"templates\/page-flexible.php","meta":{"_acf_changed":false,"footnotes":""},"class_list":["post-17812","page","type-page","status-publish","hentry"],"acf":[],"_links":{"self":[{"href":"https:\/\/klaipedatravel.lt\/de\/wp-json\/wp\/v2\/pages\/17812","targetHints":{"allow":["GET"]}}],"collection":[{"href":"https:\/\/klaipedatravel.lt\/de\/wp-json\/wp\/v2\/pages"}],"about":[{"href":"https:\/\/klaipedatravel.lt\/de\/wp-json\/wp\/v2\/types\/page"}],"author":[{"embeddable":true,"href":"https:\/\/klaipedatravel.lt\/de\/wp-json\/wp\/v2\/users\/1"}],"replies":[{"embeddable":true,"href":"https:\/\/klaipedatravel.lt\/de\/wp-json\/wp\/v2\/comments?post=17812"}],"version-history":[{"count":0,"href":"https:\/\/klaipedatravel.lt\/de\/wp-json\/wp\/v2\/pages\/17812\/revisions"}],"wp:attachment":[{"href":"https:\/\/klaipedatravel.lt\/de\/wp-json\/wp\/v2\/media?parent=17812"}],"curies":[{"name":"wp","href":"https:\/\/api.w.org\/{rel}","templated":true}]}}